{"id":83,"date":"2025-04-12T22:32:06","date_gmt":"2025-04-12T22:32:06","guid":{"rendered":"https:\/\/randocancale.fr\/?page_id=83"},"modified":"2025-06-02T09:50:05","modified_gmt":"2025-06-02T09:50:05","slug":"mentions-legales","status":"publish","type":"page","link":"https:\/\/randocancale.fr\/index.php\/mentions-legales\/","title":{"rendered":"Mentions L\u00e9gales"},"content":{"rendered":"<div class=\"entry-content\">\n<p><strong>Editeur\u00a0<\/strong>:<\/p>\n<p>Le site <a href=\"https:\/\/randocancale.fr\">https:\/\/randocancale.fr<\/a> est destin\u00e9 aux personnes qui souhaitent conna\u00eetre certains circuits de randonn\u00e9es dans le secteur de Cancale et identifier un certain nombre de sites remarquables.<\/p>\n<p>Il est \u00e9dit\u00e9 par les animateurs f\u00e9d\u00e9raux de randonn\u00e9e p\u00e9destre de :<br \/>\n<em>Association Club 3S Baie de Cancale<br \/>\nMairie 46 rue du Port \u2013 35260 Cancale<br \/>\n<\/em>email : <a href=\"mailto:contact@3sbaiedecancale.fr\" target=\"_blank\" rel=\"noreferrer noopener\">contact@3sbaiedecancale.fr<\/a><br \/>\n<em>T\u00e9l. : 06 32 69 88 19<\/em><\/p>\n<p><strong>Directeur de la publication du site<\/strong>\u00a0: <em>Monsieur le Pr\u00e9sident du club<\/em><\/p>\n<p><strong>Loi Informatique et Libert\u00e9s\u00a0<\/strong>:<br \/>\nVous disposez d\u2019un droit d\u2019acc\u00e8s, de modification, de rectification et de suppression des donn\u00e9es qui vous concernent (art. 34 de la loi \u00ab\u00a0Informatique et Libert\u00e9s\u00a0\u00bb du 6 janvier 1978). La mise en \u0153uvre de ces droits est possible par courrier adress\u00e9 \u00e0 :<br \/>\nAssociation Club 3S Baie de Cancale<br \/>\nMairie \u2013 40 rue du Port \u2013 35260 Cancale<\/p>\n<p><strong>Donn\u00e9es personnelles et cookies :<br \/>\n<\/strong>Le club ne conserve aucune donn\u00e9es personnelles hormis celles des adh\u00e9rents clairement identifi\u00e9s.<br \/>\nLes donn\u00e9es se limitent strictement \u00e0 un login de connexion, un mot de passe personnel et une adresse email.<br \/>\nAucun cookie n\u2019est diffus\u00e9 par le site lors de sa consultation.<br \/>\nLe site ainsi que son blog sont mod\u00e9r\u00e9s. Le club se r\u00e9serve le droit de supprimer une publication ou des photos qui ne correspondraient pas au champ d\u2019application de l\u2019association.<\/p>\n<p><strong>Messagerie\u00a0<\/strong>:<br \/>\nLes messages envoy\u00e9s sur le r\u00e9seau Internet peuvent \u00eatre intercept\u00e9s. Ne divulguez pas d\u2019informations personnelles inutiles ou sensibles. Si vous souhaitez nous communiquer de telles informations, utilisez la voie postale.<\/p>\n<p><strong>Droit d\u2019auteur<\/strong><br \/>\nCopyright : L\u2019ensemble de ce site rel\u00e8ve de la l\u00e9gislation fran\u00e7aise et internationale sur le droit d\u2019auteur et la propri\u00e9t\u00e9 intellectuelle. La reproduction de tout ou partie de ce site est interdite sauf autorisation expresse du directeur de la publication. Le club 3S Baie de Cancale se r\u00e9serve le droit de modifier le contenu de ce site, \u00e0 tous moment et sans pr\u00e9avis. Les marques cit\u00e9es sur ce site sont d\u00e9pos\u00e9es par les soci\u00e9t\u00e9s qui en sont propri\u00e9taires.<\/p>\n<p><strong>Conception \u2013 cr\u00e9ation \u2013 r\u00e9daction :<\/strong> <em>Club 3S Baie de Cancale<\/em><\/p>\n<p><strong>Production et h\u00e9bergement :<\/strong> <a href=\"https:\/\/www.ex2.com\/\" target=\"_blank\" rel=\"noreferrer noopener\" data-type=\"URL\" data-id=\"https:\/\/www.ex2.com\"><img loading=\"lazy\" decoding=\"async\" class=\"wp-image-427\" src=\"https:\/\/www.3sbaiedecancale.fr\/wp-content\/uploads\/2021\/08\/ex2_logo.jpg\" alt=\"\" width=\"150\" height=\"63\" \/><\/a> (Adresse : Chicoutimi, Qu\u00e9bec \u2013 Canada)<\/p>\n<p><strong>Cr\u00e9dit Photo :<\/strong> <em>Photos prises par les membres du club<\/em><\/p>\n<\/div>\n","protected":false},"excerpt":{"rendered":"<p>Editeur\u00a0: Le site https:\/\/randocancale.fr est destin\u00e9 aux personnes qui souhaitent conna\u00eetre certains circuits de randonn\u00e9es dans le secteur de Cancale et identifier un certain nombre de sites remarquables. Il est \u00e9dit\u00e9 par les animateurs f\u00e9d\u00e9raux de randonn\u00e9e p\u00e9destre de : Association Club 3S Baie de Cancale Mairie 46 rue du Port \u2013 35260 Cancale email [&hellip;]<\/p>\n","protected":false},"author":1,"featured_media":0,"parent":0,"menu_order":0,"comment_status":"closed","ping_status":"closed","template":"","meta":{"footnotes":""},"class_list":["post-83","page","type-page","status-publish","hentry"],"jetpack_sharing_enabled":true,"_links":{"self":[{"href":"https:\/\/randocancale.fr\/index.php\/wp-json\/wp\/v2\/pages\/83","targetHints":{"allow":["GET"]}}],"collection":[{"href":"https:\/\/randocancale.fr\/index.php\/wp-json\/wp\/v2\/pages"}],"about":[{"href":"https:\/\/randocancale.fr\/index.php\/wp-json\/wp\/v2\/types\/page"}],"author":[{"embeddable":true,"href":"https:\/\/randocancale.fr\/index.php\/wp-json\/wp\/v2\/users\/1"}],"replies":[{"embeddable":true,"href":"https:\/\/randocancale.fr\/index.php\/wp-json\/wp\/v2\/comments?post=83"}],"version-history":[{"count":4,"href":"https:\/\/randocancale.fr\/index.php\/wp-json\/wp\/v2\/pages\/83\/revisions"}],"predecessor-version":[{"id":332,"href":"https:\/\/randocancale.fr\/index.php\/wp-json\/wp\/v2\/pages\/83\/revisions\/332"}],"wp:attachment":[{"href":"https:\/\/randocancale.fr\/index.php\/wp-json\/wp\/v2\/media?parent=83"}],"curies":[{"name":"wp","href":"https:\/\/api.w.org\/{rel}","templated":true}]}}